{"id":29,"date":"2022-05-17T17:53:11","date_gmt":"2022-05-17T17:53:11","guid":{"rendered":"https:\/\/renatocintraarquitectos.pt\/?page_id=29"},"modified":"2024-06-28T00:29:44","modified_gmt":"2024-06-28T00:29:44","slug":"29-2","status":"publish","type":"page","link":"https:\/\/renatocintraarquitectos.pt\/en\/","title":{"rendered":"Renato Cintra Arquitectos."},"content":{"rendered":"<div data-elementor-type=\"wp-page\" data-elementor-id=\"29\" class=\"elementor elementor-29\">\n\t\t\t\t\t\t<section class=\"elementor-section elementor-top-section elementor-element elementor-element-96396bc elementor-section-stretched elementor-section-content-middle elementor-section-height-min-height elementor-section-full_width elementor-section-height-default elementor-section-items-middle\" data-id=\"96396bc\" data-element_type=\"section\" data-settings=\"{&quot;background_background&quot;:&quot;classic&quot;,&quot;stretch_section&quot;:&quot;section-stretched&quot;}\">\n\t\t\t\t\t\t\t<div class=\"elementor-background-overlay\"><\/div>\n\t\t\t\t\t\t\t<div class=\"elementor-container elementor-column-gap-no\">\n\t\t\t\t\t<div class=\"elementor-column elementor-col-100 elementor-top-column elementor-element elementor-element-9751535\" data-id=\"9751535\" data-element_type=\"column\" data-settings=\"{&quot;background_background&quot;:&quot;classic&quot;}\">\n\t\t\t<div class=\"elementor-widget-wrap elementor-element-populated\">\n\t\t\t\t\t\t<div class=\"elementor-element elementor-element-f6f2186 elementor-widget elementor-widget-image\" data-id=\"f6f2186\" data-element_type=\"widget\" data-widget_type=\"image.default\">\n\t\t\t\t<div class=\"elementor-widget-container\">\n\t\t\t\t\t\t\t\t\t\t\t\t\t\t\t<img fetchpriority=\"high\" decoding=\"async\" width=\"300\" height=\"300\" src=\"https:\/\/renatocintraarquitectos.pt\/wp-content\/uploads\/2023\/09\/ezgif.com-resize.gif\" class=\"attachment-large size-large wp-image-7020\" alt=\"\" \/>\t\t\t\t\t\t\t\t\t\t\t\t\t\t\t<\/div>\n\t\t\t\t<\/div>\n\t\t\t\t<div class=\"elementor-element elementor-element-116a432 elementor-widget elementor-widget-heading\" data-id=\"116a432\" data-element_type=\"widget\" data-widget_type=\"heading.default\">\n\t\t\t\t<div class=\"elementor-widget-container\">\n\t\t\t\t\t<h2 class=\"elementor-heading-title elementor-size-default\">Designing the future since 2005<\/h2>\t\t\t\t<\/div>\n\t\t\t\t<\/div>\n\t\t\t\t<div class=\"elementor-element elementor-element-ebf1f85 elementor-align-center elementor-widget elementor-widget-button\" data-id=\"ebf1f85\" data-element_type=\"widget\" data-widget_type=\"button.default\">\n\t\t\t\t<div class=\"elementor-widget-container\">\n\t\t\t\t\t\t\t\t\t<div class=\"elementor-button-wrapper\">\n\t\t\t\t\t<a class=\"elementor-button elementor-button-link elementor-size-lg elementor-animation-grow\" href=\"https:\/\/renatocintraarquitectos.pt\/en\/em-curso\/\">\n\t\t\t\t\t\t<span class=\"elementor-button-content-wrapper\">\n\t\t\t\t\t\t\t\t\t<span class=\"elementor-button-text\">Enter<\/span>\n\t\t\t\t\t<\/span>\n\t\t\t\t\t<\/a>\n\t\t\t\t<\/div>\n\t\t\t\t\t\t\t\t<\/div>\n\t\t\t\t<\/div>\n\t\t\t\t<div class=\"elementor-element elementor-element-6f397c8 elementor-shape-circle elementor-absolute elementor-grid-0 e-grid-align-center elementor-widget elementor-widget-social-icons\" data-id=\"6f397c8\" data-element_type=\"widget\" data-settings=\"{&quot;_position&quot;:&quot;absolute&quot;}\" data-widget_type=\"social-icons.default\">\n\t\t\t\t<div class=\"elementor-widget-container\">\n\t\t\t\t\t\t\t<div class=\"elementor-social-icons-wrapper elementor-grid\" role=\"list\">\n\t\t\t\t\t\t\t<span class=\"elementor-grid-item\" role=\"listitem\">\n\t\t\t\t\t<a class=\"elementor-icon elementor-social-icon elementor-social-icon-instagram elementor-animation-grow elementor-repeater-item-6c13fbc\" href=\"https:\/\/www.instagram.com\/renato.cintra.arquitectos\" target=\"_blank\">\n\t\t\t\t\t\t<span class=\"elementor-screen-only\">Instagram<\/span>\n\t\t\t\t\t\t<i class=\"fab fa-instagram\"><\/i>\t\t\t\t\t<\/a>\n\t\t\t\t<\/span>\n\t\t\t\t\t\t\t<span class=\"elementor-grid-item\" role=\"listitem\">\n\t\t\t\t\t<a class=\"elementor-icon elementor-social-icon elementor-social-icon-linkedin-in elementor-animation-grow elementor-repeater-item-0133bb9\" href=\"https:\/\/www.linkedin.com\/in\/renato-jorge-cintra-2440331a6\/\" target=\"_blank\">\n\t\t\t\t\t\t<span class=\"elementor-screen-only\">Linkedin-in<\/span>\n\t\t\t\t\t\t<i class=\"fab fa-linkedin-in\"><\/i>\t\t\t\t\t<\/a>\n\t\t\t\t<\/span>\n\t\t\t\t\t\t\t<span class=\"elementor-grid-item\" role=\"listitem\">\n\t\t\t\t\t<a class=\"elementor-icon elementor-social-icon elementor-social-icon-youtube elementor-animation-grow elementor-repeater-item-af40141\" href=\"https:\/\/www.youtube.com\/channel\/UCeIYxjwDmJyHLYiJwgXHDDg\" target=\"_blank\">\n\t\t\t\t\t\t<span class=\"elementor-screen-only\">Youtube<\/span>\n\t\t\t\t\t\t<i class=\"fab fa-youtube\"><\/i>\t\t\t\t\t<\/a>\n\t\t\t\t<\/span>\n\t\t\t\t\t<\/div>\n\t\t\t\t\t\t<\/div>\n\t\t\t\t<\/div>\n\t\t\t\t\t<\/div>\n\t\t<\/div>\n\t\t\t\t\t<\/div>\n\t\t<\/section>\n\t\t\t\t<\/div>","protected":false},"excerpt":{"rendered":"<p>A desenhar o futuro desde 2005 Entrar Instagram Linkedin-in Youtube<\/p>","protected":false},"author":1,"featured_media":0,"parent":0,"menu_order":0,"comment_status":"closed","ping_status":"closed","template":"elementor_canvas","meta":{"footnotes":""},"class_list":["post-29","page","type-page","status-publish","hentry"],"yoast_head":"<!-- This site is optimized with the Yoast SEO plugin v25.1 - https:\/\/yoast.com\/wordpress\/plugins\/seo\/ -->\n<title>Renato Cintra Arquitectos<\/title>\n<meta name=\"description\" content=\"A desenhar o futuro desde 2005 - O atelier Renato Cintra Arquitectos, liderado pelo arquitecto Renato Cintra, foi criado em 2005 e a marca tem vindo a afirmar-se, desde ent\u00e3o, continuando a dedicar-se \u00e0 arquitectura, coordena\u00e7\u00e3o e fiscaliza\u00e7\u00e3o de obras.\" \/>\n<meta name=\"robots\" content=\"index, follow, max-snippet:-1, max-image-preview:large, max-video-preview:-1\" \/>\n<link rel=\"canonical\" href=\"https:\/\/renatocintraarquitectos.pt\/en\/\" \/>\n<meta property=\"og:locale\" content=\"en_GB\" \/>\n<meta property=\"og:type\" content=\"article\" \/>\n<meta property=\"og:title\" content=\"Renato Cintra Arquitectos\" \/>\n<meta property=\"og:description\" content=\"A desenhar o futuro desde 2005 - O atelier Renato Cintra Arquitectos, liderado pelo arquitecto Renato Cintra, foi criado em 2005 e a marca tem vindo a afirmar-se, desde ent\u00e3o, continuando a dedicar-se \u00e0 arquitectura, coordena\u00e7\u00e3o e fiscaliza\u00e7\u00e3o de obras.\" \/>\n<meta property=\"og:url\" content=\"https:\/\/renatocintraarquitectos.pt\/en\/\" \/>\n<meta property=\"og:site_name\" content=\"Renato Cintra Arquitectos\" \/>\n<meta property=\"article:modified_time\" content=\"2024-06-28T00:29:44+00:00\" \/>\n<meta property=\"og:image\" content=\"https:\/\/renatocintraarquitectos.pt\/wp-content\/uploads\/2023\/09\/ezgif.com-resize.gif\" \/>\n<meta name=\"twitter:card\" content=\"summary_large_image\" \/>\n<meta name=\"twitter:label1\" content=\"Estimated reading time\" \/>\n\t<meta name=\"twitter:data1\" content=\"1 minute\" \/>\n<script type=\"application\/ld+json\" class=\"yoast-schema-graph\">{\"@context\":\"https:\/\/schema.org\",\"@graph\":[{\"@type\":\"WebPage\",\"@id\":\"https:\/\/renatocintraarquitectos.pt\/\",\"url\":\"https:\/\/renatocintraarquitectos.pt\/\",\"name\":\"Renato Cintra Arquitectos\",\"isPartOf\":{\"@id\":\"https:\/\/renatocintraarquitectos.pt\/#website\"},\"primaryImageOfPage\":{\"@id\":\"https:\/\/renatocintraarquitectos.pt\/#primaryimage\"},\"image\":{\"@id\":\"https:\/\/renatocintraarquitectos.pt\/#primaryimage\"},\"thumbnailUrl\":\"https:\/\/renatocintraarquitectos.pt\/wp-content\/uploads\/2023\/09\/ezgif.com-resize.gif\",\"datePublished\":\"2022-05-17T17:53:11+00:00\",\"dateModified\":\"2024-06-28T00:29:44+00:00\",\"description\":\"A desenhar o futuro desde 2005 - O atelier Renato Cintra Arquitectos, liderado pelo arquitecto Renato Cintra, foi criado em 2005 e a marca tem vindo a afirmar-se, desde ent\u00e3o, continuando a dedicar-se \u00e0 arquitectura, coordena\u00e7\u00e3o e fiscaliza\u00e7\u00e3o de obras.\",\"breadcrumb\":{\"@id\":\"https:\/\/renatocintraarquitectos.pt\/#breadcrumb\"},\"inLanguage\":\"en-GB\",\"potentialAction\":[{\"@type\":\"ReadAction\",\"target\":[\"https:\/\/renatocintraarquitectos.pt\/\"]}]},{\"@type\":\"ImageObject\",\"inLanguage\":\"en-GB\",\"@id\":\"https:\/\/renatocintraarquitectos.pt\/#primaryimage\",\"url\":\"https:\/\/renatocintraarquitectos.pt\/wp-content\/uploads\/2023\/09\/ezgif.com-resize.gif\",\"contentUrl\":\"https:\/\/renatocintraarquitectos.pt\/wp-content\/uploads\/2023\/09\/ezgif.com-resize.gif\"},{\"@type\":\"BreadcrumbList\",\"@id\":\"https:\/\/renatocintraarquitectos.pt\/#breadcrumb\",\"itemListElement\":[{\"@type\":\"ListItem\",\"position\":1,\"name\":\"Home\",\"item\":\"https:\/\/renatocintraarquitectos.pt\/\"},{\"@type\":\"ListItem\",\"position\":2,\"name\":\"Renato Cintra Arquitectos.\"}]},{\"@type\":\"WebSite\",\"@id\":\"https:\/\/renatocintraarquitectos.pt\/#website\",\"url\":\"https:\/\/renatocintraarquitectos.pt\/\",\"name\":\"Renato Cintra Arquitectos\",\"description\":\"Architecture Studio\",\"potentialAction\":[{\"@type\":\"SearchAction\",\"target\":{\"@type\":\"EntryPoint\",\"urlTemplate\":\"https:\/\/renatocintraarquitectos.pt\/?s={search_term_string}\"},\"query-input\":{\"@type\":\"PropertyValueSpecification\",\"valueRequired\":true,\"valueName\":\"search_term_string\"}}],\"inLanguage\":\"en-GB\"}]}<\/script>\n<!-- \/ Yoast SEO plugin. -->","yoast_head_json":{"title":"Renato Cintra Arquitectos","description":"A desenhar o futuro desde 2005 - O atelier Renato Cintra Arquitectos, liderado pelo arquitecto Renato Cintra, foi criado em 2005 e a marca tem vindo a afirmar-se, desde ent\u00e3o, continuando a dedicar-se \u00e0 arquitectura, coordena\u00e7\u00e3o e fiscaliza\u00e7\u00e3o de obras.","robots":{"index":"index","follow":"follow","max-snippet":"max-snippet:-1","max-image-preview":"max-image-preview:large","max-video-preview":"max-video-preview:-1"},"canonical":"https:\/\/renatocintraarquitectos.pt\/en\/","og_locale":"en_GB","og_type":"article","og_title":"Renato Cintra Arquitectos","og_description":"A desenhar o futuro desde 2005 - O atelier Renato Cintra Arquitectos, liderado pelo arquitecto Renato Cintra, foi criado em 2005 e a marca tem vindo a afirmar-se, desde ent\u00e3o, continuando a dedicar-se \u00e0 arquitectura, coordena\u00e7\u00e3o e fiscaliza\u00e7\u00e3o de obras.","og_url":"https:\/\/renatocintraarquitectos.pt\/en\/","og_site_name":"Renato Cintra Arquitectos","article_modified_time":"2024-06-28T00:29:44+00:00","og_image":[{"url":"https:\/\/renatocintraarquitectos.pt\/wp-content\/uploads\/2023\/09\/ezgif.com-resize.gif","type":"","width":"","height":""}],"twitter_card":"summary_large_image","twitter_misc":{"Estimated reading time":"1 minute"},"schema":{"@context":"https:\/\/schema.org","@graph":[{"@type":"WebPage","@id":"https:\/\/renatocintraarquitectos.pt\/","url":"https:\/\/renatocintraarquitectos.pt\/","name":"Renato Cintra Arquitectos","isPartOf":{"@id":"https:\/\/renatocintraarquitectos.pt\/#website"},"primaryImageOfPage":{"@id":"https:\/\/renatocintraarquitectos.pt\/#primaryimage"},"image":{"@id":"https:\/\/renatocintraarquitectos.pt\/#primaryimage"},"thumbnailUrl":"https:\/\/renatocintraarquitectos.pt\/wp-content\/uploads\/2023\/09\/ezgif.com-resize.gif","datePublished":"2022-05-17T17:53:11+00:00","dateModified":"2024-06-28T00:29:44+00:00","description":"A desenhar o futuro desde 2005 - O atelier Renato Cintra Arquitectos, liderado pelo arquitecto Renato Cintra, foi criado em 2005 e a marca tem vindo a afirmar-se, desde ent\u00e3o, continuando a dedicar-se \u00e0 arquitectura, coordena\u00e7\u00e3o e fiscaliza\u00e7\u00e3o de obras.","breadcrumb":{"@id":"https:\/\/renatocintraarquitectos.pt\/#breadcrumb"},"inLanguage":"en-GB","potentialAction":[{"@type":"ReadAction","target":["https:\/\/renatocintraarquitectos.pt\/"]}]},{"@type":"ImageObject","inLanguage":"en-GB","@id":"https:\/\/renatocintraarquitectos.pt\/#primaryimage","url":"https:\/\/renatocintraarquitectos.pt\/wp-content\/uploads\/2023\/09\/ezgif.com-resize.gif","contentUrl":"https:\/\/renatocintraarquitectos.pt\/wp-content\/uploads\/2023\/09\/ezgif.com-resize.gif"},{"@type":"BreadcrumbList","@id":"https:\/\/renatocintraarquitectos.pt\/#breadcrumb","itemListElement":[{"@type":"ListItem","position":1,"name":"Home","item":"https:\/\/renatocintraarquitectos.pt\/"},{"@type":"ListItem","position":2,"name":"Renato Cintra Arquitectos."}]},{"@type":"WebSite","@id":"https:\/\/renatocintraarquitectos.pt\/#website","url":"https:\/\/renatocintraarquitectos.pt\/","name":"Renato Cintra Arquitectos","description":"Architecture Studio","potentialAction":[{"@type":"SearchAction","target":{"@type":"EntryPoint","urlTemplate":"https:\/\/renatocintraarquitectos.pt\/?s={search_term_string}"},"query-input":{"@type":"PropertyValueSpecification","valueRequired":true,"valueName":"search_term_string"}}],"inLanguage":"en-GB"}]}},"_links":{"self":[{"href":"https:\/\/renatocintraarquitectos.pt\/en\/wp-json\/wp\/v2\/pages\/29","targetHints":{"allow":["GET"]}}],"collection":[{"href":"https:\/\/renatocintraarquitectos.pt\/en\/wp-json\/wp\/v2\/pages"}],"about":[{"href":"https:\/\/renatocintraarquitectos.pt\/en\/wp-json\/wp\/v2\/types\/page"}],"author":[{"embeddable":true,"href":"https:\/\/renatocintraarquitectos.pt\/en\/wp-json\/wp\/v2\/users\/1"}],"replies":[{"embeddable":true,"href":"https:\/\/renatocintraarquitectos.pt\/en\/wp-json\/wp\/v2\/comments?post=29"}],"version-history":[{"count":395,"href":"https:\/\/renatocintraarquitectos.pt\/en\/wp-json\/wp\/v2\/pages\/29\/revisions"}],"predecessor-version":[{"id":7316,"href":"https:\/\/renatocintraarquitectos.pt\/en\/wp-json\/wp\/v2\/pages\/29\/revisions\/7316"}],"wp:attachment":[{"href":"https:\/\/renatocintraarquitectos.pt\/en\/wp-json\/wp\/v2\/media?parent=29"}],"curies":[{"name":"wp","href":"https:\/\/api.w.org\/{rel}","templated":true}]}}